{"id":214,"date":"2025-01-09T20:58:40","date_gmt":"2025-01-09T20:58:40","guid":{"rendered":"https:\/\/liderazgoamable.com\/?page_id=214"},"modified":"2025-06-18T16:15:49","modified_gmt":"2025-06-18T16:15:49","slug":"politicas-de-privacidad","status":"publish","type":"page","link":"https:\/\/liderazgoamable.com\/?page_id=214","title":{"rendered":"Pol\u00edticas de privacidad"},"content":{"rendered":"\t\t<div data-elementor-type=\"wp-page\" data-elementor-id=\"214\" class=\"elementor elementor-214\" data-elementor-post-type=\"page\">\n\t\t\t\t<div class=\"elementor-element elementor-element-42017cc5 e-flex e-con-boxed e-con e-parent\" data-id=\"42017cc5\" data-element_type=\"container\">\n\t\t\t\t\t<div class=\"e-con-inner\">\n\t\t\t\t<div class=\"elementor-element elementor-element-20639d63 elementor-widget elementor-widget-heading\" data-id=\"20639d63\" data-element_type=\"widget\" data-widget_type=\"heading.default\">\n\t\t\t\t<div class=\"elementor-widget-container\">\n\t\t\t\t\t<h1 class=\"elementor-heading-title elementor-size-default\">Pol\u00edtica de privacidad<\/h1>\t\t\t\t<\/div>\n\t\t\t\t<\/div>\n\t\t\t\t<div class=\"elementor-element elementor-element-6baa9404 elementor-widget elementor-widget-text-editor\" data-id=\"6baa9404\" data-element_type=\"widget\" data-widget_type=\"text-editor.default\">\n\t\t\t\t<div class=\"elementor-widget-container\">\n\t\t\t\t\t\t\t\t\t<p>E<em>sta pol\u00edtica de privacidad fu\u00e9 actualizada por ultima vez en diciembre 1 de mayo, 2024 y es aplicada a los ciudadanos del Espacio Econ\u00f3mico Europeo (UE).<\/em><\/p><p>En esta declaraci\u00f3n de privacidad, explicamos lo que hacemos con los datos que obtenemos sobre usted a trav\u00e9s de <span data-sheets-root=\"1\"><a class=\"in-cell-link\" href=\"https:\/\/liderazgoamable.com\" target=\"_blank\" rel=\"noopener\">lgatcappromocio.cat<\/a><\/span>. Le recomendamos que lea atentamente esta declaraci\u00f3n. En nuestro procesamiento cumplimos con los requisitos de la legislaci\u00f3n de privacidad. Lo que significa, entre otras cosas, que:<\/p><ul><li>Indicamos claramente los fines para los que procesamos los datos personales. Hacemos esto por medio de esta declaraci\u00f3n de privacidad.<\/li><li>Nuestro objetivo es limitar nuestra recopilaci\u00f3n de datos personales a los datos personales necesarios para fines leg\u00edtimos.<\/li><li>En primer lugar, solicitamos su consentimiento expl\u00edcito para el tratamiento de sus datos personales en los casos en que sea necesario.<\/li><li>Tomamos las medidas de seguridad adecuadas para proteger sus datos personales y tambi\u00e9n se lo exigimos a las partes que procesan datos personales en nuestro nombre;<\/li><li>Respetamos su derecho a acceder, rectificar o cancelar sus datos personales previa solicitud.<\/li><\/ul><p>Si tiene alguna pregunta o desea saber exactamente qu\u00e9 datos sobre usted guardamos, p\u00f3ngase en contacto con nosotros.<\/p><h2 class=\"wp-block-heading\">\u00a0<\/h2>\t\t\t\t\t\t\t\t<\/div>\n\t\t\t\t<\/div>\n\t\t\t\t<div class=\"elementor-element elementor-element-8433f24 elementor-widget elementor-widget-heading\" data-id=\"8433f24\" data-element_type=\"widget\" data-widget_type=\"heading.default\">\n\t\t\t\t<div class=\"elementor-widget-container\">\n\t\t\t\t\t<h2 class=\"elementor-heading-title elementor-size-default\">1. Prop\u00f3sito, datos y periodo de retenci\u00f3n<\/h2>\t\t\t\t<\/div>\n\t\t\t\t<\/div>\n\t\t\t\t<div class=\"elementor-element elementor-element-60089b0c elementor-widget elementor-widget-text-editor\" data-id=\"60089b0c\" data-element_type=\"widget\" data-widget_type=\"text-editor.default\">\n\t\t\t\t<div class=\"elementor-widget-container\">\n\t\t\t\t\t\t\t\t\t<p>1.1 Contacto \u2013 Por tel\u00e9fono, correo, correo electr\u00f3nico y\/o formularios en el sitio. Retendremos los datos hasta que el servicio sea cancelado.<\/p>\n<p>1.2 Para poder cumplir con las obligaciones legales. Retendremos los datos hasta que el servicio sea cancelado.<\/p>\n<p>1.3 Recopilaci\u00f3n y an\u00e1lisis de estad\u00edsticas para la mejora del sitio web. Retendremos los datos hasta que el servicio sea cancelado.<\/p>\t\t\t\t\t\t\t\t<\/div>\n\t\t\t\t<\/div>\n\t\t\t\t<div class=\"elementor-element elementor-element-1d4365a5 elementor-widget elementor-widget-heading\" data-id=\"1d4365a5\" data-element_type=\"widget\" data-widget_type=\"heading.default\">\n\t\t\t\t<div class=\"elementor-widget-container\">\n\t\t\t\t\t<h2 class=\"elementor-heading-title elementor-size-default\">2. Compartir con otras partes<\/h2>\t\t\t\t<\/div>\n\t\t\t\t<\/div>\n\t\t\t\t<div class=\"elementor-element elementor-element-12794d3f elementor-widget elementor-widget-text-editor\" data-id=\"12794d3f\" data-element_type=\"widget\" data-widget_type=\"text-editor.default\">\n\t\t\t\t<div class=\"elementor-widget-container\">\n\t\t\t\t\t\t\t\t\t<p>S\u00f3lo compartimos o divulgamos estos datos a los procesadores para los siguientes prop\u00f3sitos:<\/p>\n<p>Procesadores de datos.<\/p>\n<p><strong>Nombre:<\/strong>\u00a0<a href=\"https:\/\/xpandex.es\/\">Xpandex<\/a><br \/><strong>Pa\u00eds:<\/strong>\u00a0Espa\u00f1a<br \/><strong>Prop\u00f3sito:<\/strong>\u00a0Desarrollo y mantenimiento Web<\/p>\t\t\t\t\t\t\t\t<\/div>\n\t\t\t\t<\/div>\n\t\t\t\t<div class=\"elementor-element elementor-element-4ad6587f elementor-widget elementor-widget-heading\" data-id=\"4ad6587f\" data-element_type=\"widget\" data-widget_type=\"heading.default\">\n\t\t\t\t<div class=\"elementor-widget-container\">\n\t\t\t\t\t<h2 class=\"elementor-heading-title elementor-size-default\">3. Cookies<\/h2>\t\t\t\t<\/div>\n\t\t\t\t<\/div>\n\t\t\t\t<div class=\"elementor-element elementor-element-366dc6ce elementor-widget elementor-widget-text-editor\" data-id=\"366dc6ce\" data-element_type=\"widget\" data-widget_type=\"text-editor.default\">\n\t\t\t\t<div class=\"elementor-widget-container\">\n\t\t\t\t\t\t\t\t\t<p>Nuestro sitio web utiliza cookies. Para m\u00e1s informaci\u00f3n acerca de las cookies, por favor refi\u00e9rase a nuestra Declaraci\u00f3n de Pol\u00edtica de Cookies.Tenemos un acuerdo de procesamiento de datos con Google.<\/p>\t\t\t\t\t\t\t\t<\/div>\n\t\t\t\t<\/div>\n\t\t\t\t<div class=\"elementor-element elementor-element-3e5b2862 elementor-widget elementor-widget-heading\" data-id=\"3e5b2862\" data-element_type=\"widget\" data-widget_type=\"heading.default\">\n\t\t\t\t<div class=\"elementor-widget-container\">\n\t\t\t\t\t<h2 class=\"elementor-heading-title elementor-size-default\">4. Seguridad<\/h2>\t\t\t\t<\/div>\n\t\t\t\t<\/div>\n\t\t\t\t<div class=\"elementor-element elementor-element-6c74fc92 elementor-widget elementor-widget-text-editor\" data-id=\"6c74fc92\" data-element_type=\"widget\" data-widget_type=\"text-editor.default\">\n\t\t\t\t<div class=\"elementor-widget-container\">\n\t\t\t\t\t\t\t\t\t<p>Estamos comprometidos con la seguridad de los datos personales. Tomamos las medidas de seguridad adecuadas para limitar el abuso y el acceso no autorizado a los datos personales. Esto asegura que s\u00f3lo las personas necesarias tengan acceso a sus datos, que el acceso a los datos est\u00e9 protegido y que nuestras medidas de seguridad sean revisadas regularmente.<\/p>\t\t\t\t\t\t\t\t<\/div>\n\t\t\t\t<\/div>\n\t\t\t\t<div class=\"elementor-element elementor-element-368059d0 elementor-widget elementor-widget-heading\" data-id=\"368059d0\" data-element_type=\"widget\" data-widget_type=\"heading.default\">\n\t\t\t\t<div class=\"elementor-widget-container\">\n\t\t\t\t\t<h2 class=\"elementor-heading-title elementor-size-default\">5. Sitios web de terceros<\/h2>\t\t\t\t<\/div>\n\t\t\t\t<\/div>\n\t\t\t\t<div class=\"elementor-element elementor-element-271ffbb7 elementor-widget elementor-widget-text-editor\" data-id=\"271ffbb7\" data-element_type=\"widget\" data-widget_type=\"text-editor.default\">\n\t\t\t\t<div class=\"elementor-widget-container\">\n\t\t\t\t\t\t\t\t\t<p>Esta declaraci\u00f3n de privacidad no se aplica a los sitios web de terceros conectados mediante enlaces en nuestro sitio web. No podemos garantizar que estas terceras partes manejen sus datos personales de forma fiable o segura. Le recomendamos que lea las declaraciones de privacidad de estos sitios web antes de utilizarlos.<\/p>\t\t\t\t\t\t\t\t<\/div>\n\t\t\t\t<\/div>\n\t\t\t\t<div class=\"elementor-element elementor-element-38054b52 elementor-widget elementor-widget-heading\" data-id=\"38054b52\" data-element_type=\"widget\" data-widget_type=\"heading.default\">\n\t\t\t\t<div class=\"elementor-widget-container\">\n\t\t\t\t\t<h2 class=\"elementor-heading-title elementor-size-default\">6. Privacidad y referencia a la declaraci\u00f3n de privacidad<\/h2>\t\t\t\t<\/div>\n\t\t\t\t<\/div>\n\t\t\t\t<div class=\"elementor-element elementor-element-50883094 elementor-widget elementor-widget-text-editor\" data-id=\"50883094\" data-element_type=\"widget\" data-widget_type=\"text-editor.default\">\n\t\t\t\t<div class=\"elementor-widget-container\">\n\t\t\t\t\t\t\t\t\t<p>Nos reservamos el derecho de hacer enmiendas a esta declaraci\u00f3n de privacidad. Se recomienda que consulte esta declaraci\u00f3n de privacidad regularmente para estar al tanto de cualquier cambio. Adem\u00e1s, le informaremos activamente siempre que sea posible.<\/p>\t\t\t\t\t\t\t\t<\/div>\n\t\t\t\t<\/div>\n\t\t\t\t<div class=\"elementor-element elementor-element-7960e9a4 elementor-widget elementor-widget-heading\" data-id=\"7960e9a4\" data-element_type=\"widget\" data-widget_type=\"heading.default\">\n\t\t\t\t<div class=\"elementor-widget-container\">\n\t\t\t\t\t<h2 class=\"elementor-heading-title elementor-size-default\">7. Acceso y modificaci\u00f3n de sus datos<\/h2>\t\t\t\t<\/div>\n\t\t\t\t<\/div>\n\t\t\t\t<div class=\"elementor-element elementor-element-5f48feb4 elementor-widget elementor-widget-text-editor\" data-id=\"5f48feb4\" data-element_type=\"widget\" data-widget_type=\"text-editor.default\">\n\t\t\t\t<div class=\"elementor-widget-container\">\n\t\t\t\t\t\t\t\t\t<p>Si tiene alguna pregunta o desea saber qu\u00e9 datos personales tenemos sobre usted, p\u00f3ngase en contacto con nosotros. Puede ponerse en contacto con nosotros utilizando la siguiente informaci\u00f3n. Usted tiene los siguientes derechos:<\/p>\n<ul>\n<li>Usted tiene derecho a saber por qu\u00e9 se necesitan sus datos personales, qu\u00e9 suceder\u00e1 con ellos y durante cu\u00e1nto tiempo se conservar\u00e1n.<\/li>\n<li>Derecho de acceso: Tiene derecho a acceder a los datos personales que conocemos sobre usted.<\/li>\n<li>Derecho de rectificaci\u00f3n: tiene derecho a completar, rectificar, borrar o bloquear sus datos personales cuando lo desee.<\/li>\n<li>Si usted nos da su consentimiento para procesar sus datos, tiene derecho a revocar dicho consentimiento y a que se eliminen sus datos personales.<\/li>\n<li>Derecho de cesi\u00f3n de sus datos: tiene derecho a solicitar todos sus datos personales al controlador y a transferirlos \u00edntegramente a otro controlador.<\/li>\n<li>Derecho de oposici\u00f3n: usted puede oponerse al tratamiento de sus datos. Nosotros cumplimos con esto, a menos que existan motivos justificados para el procesamiento.<\/li>\n<\/ul>\n<p>Por favor, aseg\u00farese de indicar siempre claramente qui\u00e9n es usted, para que podamos estar seguros de que no modificamos o eliminamos ning\u00fan dato de la persona equivocada.<\/p>\t\t\t\t\t\t\t\t<\/div>\n\t\t\t\t<\/div>\n\t\t\t\t<div class=\"elementor-element elementor-element-706a1701 elementor-widget elementor-widget-heading\" data-id=\"706a1701\" data-element_type=\"widget\" data-widget_type=\"heading.default\">\n\t\t\t\t<div class=\"elementor-widget-container\">\n\t\t\t\t\t<h2 class=\"elementor-heading-title elementor-size-default\">8. Enviando una queja<\/h2>\t\t\t\t<\/div>\n\t\t\t\t<\/div>\n\t\t\t\t<div class=\"elementor-element elementor-element-5edb0d34 elementor-widget elementor-widget-text-editor\" data-id=\"5edb0d34\" data-element_type=\"widget\" data-widget_type=\"text-editor.default\">\n\t\t\t\t<div class=\"elementor-widget-container\">\n\t\t\t\t\t\t\t\t\t<p>Si no est\u00e1 satisfecho con la forma en que tratamos o procesamos sus datos personales, tiene derecho a presentar una queja a la Autoridad de Protecci\u00f3n de Datos.<\/p>\t\t\t\t\t\t\t\t<\/div>\n\t\t\t\t<\/div>\n\t\t\t\t<div class=\"elementor-element elementor-element-369a931c elementor-widget elementor-widget-heading\" data-id=\"369a931c\" data-element_type=\"widget\" data-widget_type=\"heading.default\">\n\t\t\t\t<div class=\"elementor-widget-container\">\n\t\t\t\t\t<h2 class=\"elementor-heading-title elementor-size-default\">9. Responsable de la protecci\u00f3n de datos<\/h2>\t\t\t\t<\/div>\n\t\t\t\t<\/div>\n\t\t\t\t<div class=\"elementor-element elementor-element-9268296 elementor-widget elementor-widget-text-editor\" data-id=\"9268296\" data-element_type=\"widget\" data-widget_type=\"text-editor.default\">\n\t\t\t\t<div class=\"elementor-widget-container\">\n\t\t\t\t\t\t\t\t\t<p>Nuestro Responsable de la Protecci\u00f3n de Datos ha sido registrado ante la autoridad de protecci\u00f3n de datos de un Estado miembro de la UE. Si tiene alguna pregunta o solicitud con respecto a esta declaraci\u00f3n de privacidad o para el Responsable de la Protecci\u00f3n de Datos, puede ponerse en contacto con <span data-sheets-root=\"1\">LGATCAP PROMOCIO\u0301 SL<\/span>, a trav\u00e9s de o <span data-sheets-root=\"1\">lgatcap@hotmail.com<\/span><\/p>\t\t\t\t\t\t\t\t<\/div>\n\t\t\t\t<\/div>\n\t\t\t\t<div class=\"elementor-element elementor-element-6d941c00 elementor-widget elementor-widget-heading\" data-id=\"6d941c00\" data-element_type=\"widget\" data-widget_type=\"heading.default\">\n\t\t\t\t<div class=\"elementor-widget-container\">\n\t\t\t\t\t<h2 class=\"elementor-heading-title elementor-size-default\">10. Detalles de contacto<\/h2>\t\t\t\t<\/div>\n\t\t\t\t<\/div>\n\t\t\t\t<div class=\"elementor-element elementor-element-1041dcf2 elementor-widget elementor-widget-text-editor\" data-id=\"1041dcf2\" data-element_type=\"widget\" data-widget_type=\"text-editor.default\">\n\t\t\t\t<div class=\"elementor-widget-container\">\n\t\t\t\t\t\t\t\t\t<p>Direcci\u00f3n: <span data-sheets-root=\"1\">Avd. Paisos Catalans, 20, 1\u00ba-4\u00aa, 43007, Tarragona<\/span><br \/>Correo: <span data-sheets-root=\"1\">lgatcap@hotmail.com<\/span><br \/>N\u00famero de tel\u00e9fono: +<span data-sheets-root=\"1\">34658086819<\/span><\/p>\t\t\t\t\t\t\t\t<\/div>\n\t\t\t\t<\/div>\n\t\t\t\t\t<\/div>\n\t\t\t\t<\/div>\n\t\t\t\t<\/div>\n\t\t","protected":false},"excerpt":{"rendered":"<p>Pol\u00edtica de privacidad Esta pol\u00edtica de privacidad fu\u00e9 actualizada por ultima vez en diciembre 1 de mayo, 2024 y es aplicada a los ciudadanos del Espacio Econ\u00f3mico Europeo (UE). En esta declaraci\u00f3n de privacidad, explicamos lo que hacemos con los datos que obtenemos sobre usted a trav\u00e9s de lgatcappromocio.cat. Le recomendamos que lea atentamente esta [&hellip;]<\/p>\n","protected":false},"author":3,"featured_media":0,"parent":0,"menu_order":0,"comment_status":"closed","ping_status":"closed","template":"elementor_header_footer","meta":{"footnotes":""},"class_list":["post-214","page","type-page","status-publish","hentry"],"yoast_head":"<!-- This site is optimized with the Yoast SEO plugin v26.7 - https:\/\/yoast.com\/wordpress\/plugins\/seo\/ -->\n<title>Pol\u00edticas de privacidad - Coaching Ejecutivo: Impulsa tu carrera al \u00e9xito.<\/title>\n<meta name=\"robots\" content=\"noindex, follow\" \/>\n<meta property=\"og:locale\" content=\"es_ES\" \/>\n<meta property=\"og:type\" content=\"article\" \/>\n<meta property=\"og:title\" content=\"Pol\u00edticas de privacidad - Coaching Ejecutivo: Impulsa tu carrera al \u00e9xito.\" \/>\n<meta property=\"og:description\" content=\"Pol\u00edtica de privacidad Esta pol\u00edtica de privacidad fu\u00e9 actualizada por ultima vez en diciembre 1 de mayo, 2024 y es aplicada a los ciudadanos del Espacio Econ\u00f3mico Europeo (UE). En esta declaraci\u00f3n de privacidad, explicamos lo que hacemos con los datos que obtenemos sobre usted a trav\u00e9s de lgatcappromocio.cat. Le recomendamos que lea atentamente esta [&hellip;]\" \/>\n<meta property=\"og:url\" content=\"https:\/\/liderazgoamable.com\/?page_id=214\" \/>\n<meta property=\"og:site_name\" content=\"Coaching Ejecutivo: Impulsa tu carrera al \u00e9xito.\" \/>\n<meta property=\"article:modified_time\" content=\"2025-06-18T16:15:49+00:00\" \/>\n<meta name=\"twitter:card\" content=\"summary_large_image\" \/>\n<meta name=\"twitter:label1\" content=\"Tiempo de lectura\" \/>\n\t<meta name=\"twitter:data1\" content=\"4 minutos\" \/>\n<script type=\"application\/ld+json\" class=\"yoast-schema-graph\">{\"@context\":\"https:\/\/schema.org\",\"@graph\":[{\"@type\":\"WebPage\",\"@id\":\"https:\/\/liderazgoamable.com\/?page_id=214\",\"url\":\"https:\/\/liderazgoamable.com\/?page_id=214\",\"name\":\"Pol\u00edticas de privacidad - Coaching Ejecutivo: Impulsa tu carrera al \u00e9xito.\",\"isPartOf\":{\"@id\":\"https:\/\/liderazgoamable.com\/#website\"},\"datePublished\":\"2025-01-09T20:58:40+00:00\",\"dateModified\":\"2025-06-18T16:15:49+00:00\",\"breadcrumb\":{\"@id\":\"https:\/\/liderazgoamable.com\/?page_id=214#breadcrumb\"},\"inLanguage\":\"es\",\"potentialAction\":[{\"@type\":\"ReadAction\",\"target\":[\"https:\/\/liderazgoamable.com\/?page_id=214\"]}]},{\"@type\":\"BreadcrumbList\",\"@id\":\"https:\/\/liderazgoamable.com\/?page_id=214#breadcrumb\",\"itemListElement\":[{\"@type\":\"ListItem\",\"position\":1,\"name\":\"Home\",\"item\":\"https:\/\/liderazgoamable.com\/\"},{\"@type\":\"ListItem\",\"position\":2,\"name\":\"Pol\u00edticas de privacidad\"}]},{\"@type\":\"WebSite\",\"@id\":\"https:\/\/liderazgoamable.com\/#website\",\"url\":\"https:\/\/liderazgoamable.com\/\",\"name\":\"Coaching Ejecutivo: Impulsa tu carrera al \u00e9xito.\",\"description\":\"\u00bfQuieres alcanzar tus metas profesionales? Nuestro coaching ejecutivo te brinda las herramientas y el apoyo que necesitas para potenciar tu liderazgo y alcanzar el \u00e9xito. \",\"potentialAction\":[{\"@type\":\"SearchAction\",\"target\":{\"@type\":\"EntryPoint\",\"urlTemplate\":\"https:\/\/liderazgoamable.com\/?s={search_term_string}\"},\"query-input\":{\"@type\":\"PropertyValueSpecification\",\"valueRequired\":true,\"valueName\":\"search_term_string\"}}],\"inLanguage\":\"es\"}]}<\/script>\n<!-- \/ Yoast SEO plugin. -->","yoast_head_json":{"title":"Pol\u00edticas de privacidad - Coaching Ejecutivo: Impulsa tu carrera al \u00e9xito.","robots":{"index":"noindex","follow":"follow"},"og_locale":"es_ES","og_type":"article","og_title":"Pol\u00edticas de privacidad - Coaching Ejecutivo: Impulsa tu carrera al \u00e9xito.","og_description":"Pol\u00edtica de privacidad Esta pol\u00edtica de privacidad fu\u00e9 actualizada por ultima vez en diciembre 1 de mayo, 2024 y es aplicada a los ciudadanos del Espacio Econ\u00f3mico Europeo (UE). En esta declaraci\u00f3n de privacidad, explicamos lo que hacemos con los datos que obtenemos sobre usted a trav\u00e9s de lgatcappromocio.cat. Le recomendamos que lea atentamente esta [&hellip;]","og_url":"https:\/\/liderazgoamable.com\/?page_id=214","og_site_name":"Coaching Ejecutivo: Impulsa tu carrera al \u00e9xito.","article_modified_time":"2025-06-18T16:15:49+00:00","twitter_card":"summary_large_image","twitter_misc":{"Tiempo de lectura":"4 minutos"},"schema":{"@context":"https:\/\/schema.org","@graph":[{"@type":"WebPage","@id":"https:\/\/liderazgoamable.com\/?page_id=214","url":"https:\/\/liderazgoamable.com\/?page_id=214","name":"Pol\u00edticas de privacidad - Coaching Ejecutivo: Impulsa tu carrera al \u00e9xito.","isPartOf":{"@id":"https:\/\/liderazgoamable.com\/#website"},"datePublished":"2025-01-09T20:58:40+00:00","dateModified":"2025-06-18T16:15:49+00:00","breadcrumb":{"@id":"https:\/\/liderazgoamable.com\/?page_id=214#breadcrumb"},"inLanguage":"es","potentialAction":[{"@type":"ReadAction","target":["https:\/\/liderazgoamable.com\/?page_id=214"]}]},{"@type":"BreadcrumbList","@id":"https:\/\/liderazgoamable.com\/?page_id=214#breadcrumb","itemListElement":[{"@type":"ListItem","position":1,"name":"Home","item":"https:\/\/liderazgoamable.com\/"},{"@type":"ListItem","position":2,"name":"Pol\u00edticas de privacidad"}]},{"@type":"WebSite","@id":"https:\/\/liderazgoamable.com\/#website","url":"https:\/\/liderazgoamable.com\/","name":"Coaching Ejecutivo: Impulsa tu carrera al \u00e9xito.","description":"\u00bfQuieres alcanzar tus metas profesionales? Nuestro coaching ejecutivo te brinda las herramientas y el apoyo que necesitas para potenciar tu liderazgo y alcanzar el \u00e9xito. ","potentialAction":[{"@type":"SearchAction","target":{"@type":"EntryPoint","urlTemplate":"https:\/\/liderazgoamable.com\/?s={search_term_string}"},"query-input":{"@type":"PropertyValueSpecification","valueRequired":true,"valueName":"search_term_string"}}],"inLanguage":"es"}]}},"_links":{"self":[{"href":"https:\/\/liderazgoamable.com\/index.php?rest_route=\/wp\/v2\/pages\/214","targetHints":{"allow":["GET"]}}],"collection":[{"href":"https:\/\/liderazgoamable.com\/index.php?rest_route=\/wp\/v2\/pages"}],"about":[{"href":"https:\/\/liderazgoamable.com\/index.php?rest_route=\/wp\/v2\/types\/page"}],"author":[{"embeddable":true,"href":"https:\/\/liderazgoamable.com\/index.php?rest_route=\/wp\/v2\/users\/3"}],"replies":[{"embeddable":true,"href":"https:\/\/liderazgoamable.com\/index.php?rest_route=%2Fwp%2Fv2%2Fcomments&post=214"}],"version-history":[{"count":10,"href":"https:\/\/liderazgoamable.com\/index.php?rest_route=\/wp\/v2\/pages\/214\/revisions"}],"predecessor-version":[{"id":255,"href":"https:\/\/liderazgoamable.com\/index.php?rest_route=\/wp\/v2\/pages\/214\/revisions\/255"}],"wp:attachment":[{"href":"https:\/\/liderazgoamable.com\/index.php?rest_route=%2Fwp%2Fv2%2Fmedia&parent=214"}],"curies":[{"name":"wp","href":"https:\/\/api.w.org\/{rel}","templated":true}]}}