{"id":187,"date":"2025-01-09T19:59:22","date_gmt":"2025-01-09T19:59:22","guid":{"rendered":"https:\/\/liderazgoamable.com\/?page_id=187"},"modified":"2025-09-17T18:29:39","modified_gmt":"2025-09-17T18:29:39","slug":"contacto-coaching-ejecutivo","status":"publish","type":"page","link":"https:\/\/liderazgoamable.com\/?page_id=187","title":{"rendered":"Contacto"},"content":{"rendered":"\t\t<div data-elementor-type=\"wp-page\" data-elementor-id=\"187\" class=\"elementor elementor-187\" data-elementor-post-type=\"page\">\n\t\t\t\t<div class=\"elementor-element elementor-element-64ca9245 e-flex e-con-boxed e-con e-parent\" data-id=\"64ca9245\" data-element_type=\"container\" data-settings=\"{&quot;background_background&quot;:&quot;classic&quot;}\">\n\t\t\t\t\t<div class=\"e-con-inner\">\n\t\t<div class=\"elementor-element elementor-element-72c762b3 e-con-full e-flex e-con e-child\" data-id=\"72c762b3\" data-element_type=\"container\" data-settings=\"{&quot;background_background&quot;:&quot;classic&quot;}\">\n\t\t\t\t<div class=\"elementor-element elementor-element-5ac7fef9 elementor-widget elementor-widget-elementskit-heading\" data-id=\"5ac7fef9\" data-element_type=\"widget\" data-widget_type=\"elementskit-heading.default\">\n\t\t\t\t<div class=\"elementor-widget-container\">\n\t\t\t\t\t<div class=\"ekit-wid-con\" ><div class=\"ekit-heading elementskit-section-title-wraper text_center   ekit_heading_tablet-text_left   ekit_heading_mobile-text_center\"><h1 class=\"ekit-heading--title elementskit-section-title \">CONTACTANOS<\/h1><\/div><\/div>\t\t\t\t<\/div>\n\t\t\t\t<\/div>\n\t\t\t\t<\/div>\n\t\t\t\t\t<\/div>\n\t\t\t\t<\/div>\n\t\t<div class=\"elementor-element elementor-element-2def2909 e-flex e-con-boxed e-con e-parent\" data-id=\"2def2909\" data-element_type=\"container\">\n\t\t\t\t\t<div class=\"e-con-inner\">\n\t\t<div class=\"elementor-element elementor-element-68ca6001 e-flex e-con-boxed e-con e-child\" data-id=\"68ca6001\" data-element_type=\"container\">\n\t\t\t\t\t<div class=\"e-con-inner\">\n\t\t\t\t<div class=\"elementor-element elementor-element-c8ec89a elementor-mobile-align-center elementor-align-start elementor-icon-list--layout-traditional elementor-list-item-link-full_width elementor-widget elementor-widget-icon-list\" data-id=\"c8ec89a\" data-element_type=\"widget\" data-widget_type=\"icon-list.default\">\n\t\t\t\t<div class=\"elementor-widget-container\">\n\t\t\t\t\t\t\t<ul class=\"elementor-icon-list-items\">\n\t\t\t\t\t\t\t<li class=\"elementor-icon-list-item\">\n\t\t\t\t\t\t\t\t\t\t\t<span class=\"elementor-icon-list-icon\">\n\t\t\t\t\t\t\t<svg aria-hidden=\"true\" class=\"e-font-icon-svg e-fas-circle\" viewBox=\"0 0 512 512\" xmlns=\"http:\/\/www.w3.org\/2000\/svg\"><path d=\"M256 8C119 8 8 119 8 256s111 248 248 248 248-111 248-248S393 8 256 8z\"><\/path><\/svg>\t\t\t\t\t\t<\/span>\n\t\t\t\t\t\t\t\t\t\t<span class=\"elementor-icon-list-text\">Cont\u00e1ctanos y transforma tu futuro.<\/span>\n\t\t\t\t\t\t\t\t\t<\/li>\n\t\t\t\t\t\t<\/ul>\n\t\t\t\t\t\t<\/div>\n\t\t\t\t<\/div>\n\t\t\t\t<div class=\"elementor-element elementor-element-1679e99 elementor-widget elementor-widget-elementskit-heading\" data-id=\"1679e99\" data-element_type=\"widget\" data-widget_type=\"elementskit-heading.default\">\n\t\t\t\t<div class=\"elementor-widget-container\">\n\t\t\t\t\t<div class=\"ekit-wid-con\" ><div class=\"ekit-heading elementskit-section-title-wraper text_left   ekit_heading_tablet-   ekit_heading_mobile-text_center\"><h2 class=\"ekit-heading--title elementskit-section-title \">Da el Primer Paso Hacia el <span><span>\u00c9xito <\/span><\/span> <\/h2><\/div><\/div>\t\t\t\t<\/div>\n\t\t\t\t<\/div>\n\t\t\t\t<div class=\"elementor-element elementor-element-3e02062 elementor-button-align-stretch elementor-widget elementor-widget-form\" data-id=\"3e02062\" data-element_type=\"widget\" data-settings=\"{&quot;step_next_label&quot;:&quot;Next&quot;,&quot;step_previous_label&quot;:&quot;Previous&quot;,&quot;button_width&quot;:&quot;100&quot;,&quot;step_type&quot;:&quot;number_text&quot;,&quot;step_icon_shape&quot;:&quot;circle&quot;}\" data-widget_type=\"form.default\">\n\t\t\t\t<div class=\"elementor-widget-container\">\n\t\t\t\t\t\t\t<form class=\"elementor-form\" method=\"post\" name=\"New Form\">\n\t\t\t<input type=\"hidden\" name=\"post_id\" value=\"187\"\/>\n\t\t\t<input type=\"hidden\" name=\"form_id\" value=\"3e02062\"\/>\n\t\t\t<input type=\"hidden\" name=\"referer_title\" value=\"Coaching Ejecutivo: Impulsa tu carrera al \u00e9xito.\" \/>\n\n\t\t\t\n\t\t\t<div class=\"elementor-form-fields-wrapper elementor-labels-above\">\n\t\t\t\t\t\t\t\t<div class=\"elementor-field-type-text elementor-field-group elementor-column elementor-field-group-name elementor-col-100\">\n\t\t\t\t\t\t\t\t\t\t\t\t\t<input size=\"1\" type=\"text\" name=\"form_fields[name]\" id=\"form-field-name\" class=\"elementor-field elementor-size-sm  elementor-field-textual\" placeholder=\"Nombre\">\n\t\t\t\t\t\t\t\t\t\t\t<\/div>\n\t\t\t\t\t\t\t\t<div class=\"elementor-field-type-email elementor-field-group elementor-column elementor-field-group-email elementor-col-50 elementor-field-required\">\n\t\t\t\t\t\t\t\t\t\t\t\t\t<input size=\"1\" type=\"email\" name=\"form_fields[email]\" id=\"form-field-email\" class=\"elementor-field elementor-size-sm  elementor-field-textual\" placeholder=\"Correo\" required=\"required\" aria-required=\"true\">\n\t\t\t\t\t\t\t\t\t\t\t<\/div>\n\t\t\t\t\t\t\t\t<div class=\"elementor-field-type-tel elementor-field-group elementor-column elementor-field-group-field_444a178 elementor-col-50\">\n\t\t\t\t\t\t\t<input size=\"1\" type=\"tel\" name=\"form_fields[field_444a178]\" id=\"form-field-field_444a178\" class=\"elementor-field elementor-size-sm  elementor-field-textual\" placeholder=\"Telefono\" pattern=\"[0-9()#&amp;+*-=.]+\" title=\"Only numbers and phone characters (#, -, *, etc) are accepted.\">\n\n\t\t\t\t\t\t<\/div>\n\t\t\t\t\t\t\t\t<div class=\"elementor-field-type-textarea elementor-field-group elementor-column elementor-field-group-message elementor-col-100\">\n\t\t\t\t\t<textarea class=\"elementor-field-textual elementor-field  elementor-size-sm\" name=\"form_fields[message]\" id=\"form-field-message\" rows=\"4\" placeholder=\"Mensaje\"><\/textarea>\t\t\t\t<\/div>\n\t\t\t\t\t\t\t\t<div class=\"elementor-field-group elementor-column elementor-field-type-submit elementor-col-100 e-form__buttons\">\n\t\t\t\t\t<button class=\"elementor-button elementor-size-sm\" type=\"submit\">\n\t\t\t\t\t\t<span class=\"elementor-button-content-wrapper\">\n\t\t\t\t\t\t\t\t\t\t\t\t\t\t\t\t\t\t\t\t\t\t<span class=\"elementor-button-text\">Enviar <\/span>\n\t\t\t\t\t\t\t\t\t\t\t\t\t<\/span>\n\t\t\t\t\t<\/button>\n\t\t\t\t<\/div>\n\t\t\t<\/div>\n\t\t<\/form>\n\t\t\t\t\t\t<\/div>\n\t\t\t\t<\/div>\n\t\t\t\t\t<\/div>\n\t\t\t\t<\/div>\n\t\t<div class=\"elementor-element elementor-element-4cfd996 e-con-full e-flex e-con e-child\" data-id=\"4cfd996\" data-element_type=\"container\">\n\t\t\t\t<div class=\"elementor-element elementor-element-f990bc1 elementor-widget__width-inherit elementor-widget elementor-widget-google_maps\" data-id=\"f990bc1\" data-element_type=\"widget\" data-widget_type=\"google_maps.default\">\n\t\t\t\t<div class=\"elementor-widget-container\">\n\t\t\t\t\t\t\t<div class=\"elementor-custom-embed\">\n\t\t\t<iframe loading=\"lazy\"\n\t\t\t\t\tsrc=\"https:\/\/maps.google.com\/maps?q=Avda.%20Pa%C3%AFsos%20Catalans%2043007%20-%20Tarragona&#038;t=m&#038;z=10&#038;output=embed&#038;iwloc=near\"\n\t\t\t\t\ttitle=\"Avda. Pa\u00efsos Catalans 43007 - Tarragona\"\n\t\t\t\t\taria-label=\"Avda. Pa\u00efsos Catalans 43007 - Tarragona\"\n\t\t\t><\/iframe>\n\t\t<\/div>\n\t\t\t\t\t\t<\/div>\n\t\t\t\t<\/div>\n\t\t\t\t<\/div>\n\t\t\t\t\t<\/div>\n\t\t\t\t<\/div>\n\t\t<div class=\"elementor-element elementor-element-e4f1d7a e-flex e-con-boxed e-con e-parent\" data-id=\"e4f1d7a\" data-element_type=\"container\">\n\t\t\t\t\t<div class=\"e-con-inner\">\n\t\t\t\t<div class=\"elementor-element elementor-element-904415b elementor-widget elementor-widget-text-editor\" data-id=\"904415b\" data-element_type=\"widget\" data-widget_type=\"text-editor.default\">\n\t\t\t\t<div class=\"elementor-widget-container\">\n\t\t\t\t\t\t\t\t\t<p data-sourcepos=\"8:1-8:527\">En <strong>LGATCAP Promoci\u00f3n<\/strong>, creemos que el camino hacia el \u00e9xito profesional se construye con apoyo y gu\u00eda. Si est\u00e1s buscando <strong><a href=\"https:\/\/southwesternconsulting.com\/articles-what-is-executive-coach\/\">coaching ejecutivo<\/a><\/strong> de primer nivel para ti o para tu equipo en Barcelona, has llegado al lugar indicado. Nuestro compromiso es brindarte las herramientas y la perspectiva necesarias para que alcances tus metas de liderazgo, optimices tu desempe\u00f1o y superes cualquier desaf\u00edo profesional. Estamos listos para escuchar tus necesidades y dise\u00f1ar un programa que se ajuste perfectamente a tus objetivos.&nbsp;Contacto Coaching Ejecutivo.<\/p>\n<p data-sourcepos=\"10:1-10:497\">Entendemos la importancia de una comunicaci\u00f3n fluida por eso Contacto Coaching Ejecutivo estamos para ti. Por ello, ponemos a tu disposici\u00f3n m\u00faltiples v\u00edas para que puedas contactar con nosotros de la forma que te resulte m\u00e1s c\u00f3moda. Ya sea que desees solicitar un presupuesto personalizado, aclarar dudas sobre nuestros servicios de <strong><a href=\"https:\/\/liderazgoamable.com\/\">coaching para directivos<\/a><\/strong>, o simplemente iniciar una conversaci\u00f3n sobre c\u00f3mo podemos impulsar tu carrera o la de tu empresa, nuestro equipo est\u00e1 a tu disposici\u00f3n para ofrecerte una respuesta r\u00e1pida y profesional.<\/p><p data-sourcepos=\"10:1-10:497\">En <strong>LGATCAP Promoci\u00f3n<\/strong>, tu \u00e9xito es nuestra prioridad. No dudes en ponerte en <strong>contacto<\/strong> con nosotros para dar el siguiente paso en tu <strong>desarrollo ejecutivo<\/strong>. \u00a1Estamos deseando conocer tu proyecto!<\/p>\t\t\t\t\t\t\t\t<\/div>\n\t\t\t\t<\/div>\n\t\t\t\t\t<\/div>\n\t\t\t\t<\/div>\n\t\t\t\t<\/div>\n\t\t","protected":false},"excerpt":{"rendered":"<p>CONTACTANOS Cont\u00e1ctanos y transforma tu futuro. Da el Primer Paso Hacia el \u00c9xito En LGATCAP Promoci\u00f3n, creemos que el camino hacia el \u00e9xito profesional se construye con apoyo y gu\u00eda. Si est\u00e1s buscando coaching ejecutivo de primer nivel para ti o para tu equipo en Barcelona, has llegado al lugar indicado. Nuestro compromiso es brindarte [&hellip;]<\/p>\n","protected":false},"author":3,"featured_media":426,"parent":0,"menu_order":0,"comment_status":"closed","ping_status":"closed","template":"elementor_header_footer","meta":{"footnotes":""},"class_list":["post-187","page","type-page","status-publish","has-post-thumbnail","hentry"],"yoast_head":"<!-- This site is optimized with the Yoast SEO plugin v26.7 - https:\/\/yoast.com\/wordpress\/plugins\/seo\/ -->\n<title>Contacto Coaching Ejecutivo | LGATCAP Promoci\u00f3n<\/title>\n<meta name=\"description\" content=\"Contacto Coaching Ejecutivo \u00bfBuscas coaching ejecutivo? Contacta a LGATCAP Promoci\u00f3n para impulsar tu carrera. Asesoramiento personalizado...\" \/>\n<meta name=\"robots\" content=\"index, follow, max-snippet:-1, max-image-preview:large, max-video-preview:-1\" \/>\n<link rel=\"canonical\" href=\"https:\/\/liderazgoamable.com\/?page_id=187\" \/>\n<meta property=\"og:locale\" content=\"es_ES\" \/>\n<meta property=\"og:type\" content=\"article\" \/>\n<meta property=\"og:title\" content=\"Contacto Coaching Ejecutivo | LGATCAP Promoci\u00f3n\" \/>\n<meta property=\"og:description\" content=\"Contacto Coaching Ejecutivo \u00bfBuscas coaching ejecutivo? Contacta a LGATCAP Promoci\u00f3n para impulsar tu carrera. Asesoramiento personalizado...\" \/>\n<meta property=\"og:url\" content=\"https:\/\/liderazgoamable.com\/?page_id=187\" \/>\n<meta property=\"og:site_name\" content=\"Coaching Ejecutivo: Impulsa tu carrera al \u00e9xito.\" \/>\n<meta property=\"article:modified_time\" content=\"2025-09-17T18:29:39+00:00\" \/>\n<meta property=\"og:image\" content=\"https:\/\/liderazgoamable.com\/wp-content\/uploads\/2025\/01\/Screenshot_324.jpg\" \/>\n\t<meta property=\"og:image:width\" content=\"256\" \/>\n\t<meta property=\"og:image:height\" content=\"246\" \/>\n\t<meta property=\"og:image:type\" content=\"image\/jpeg\" \/>\n<meta name=\"twitter:card\" content=\"summary_large_image\" \/>\n<meta name=\"twitter:label1\" content=\"Tiempo de lectura\" \/>\n\t<meta name=\"twitter:data1\" content=\"2 minutos\" \/>\n<script type=\"application\/ld+json\" class=\"yoast-schema-graph\">{\"@context\":\"https:\/\/schema.org\",\"@graph\":[{\"@type\":\"WebPage\",\"@id\":\"https:\/\/liderazgoamable.com\/?page_id=187\",\"url\":\"https:\/\/liderazgoamable.com\/?page_id=187\",\"name\":\"Contacto Coaching Ejecutivo | LGATCAP Promoci\u00f3n\",\"isPartOf\":{\"@id\":\"https:\/\/liderazgoamable.com\/#website\"},\"primaryImageOfPage\":{\"@id\":\"https:\/\/liderazgoamable.com\/?page_id=187#primaryimage\"},\"image\":{\"@id\":\"https:\/\/liderazgoamable.com\/?page_id=187#primaryimage\"},\"thumbnailUrl\":\"https:\/\/liderazgoamable.com\/wp-content\/uploads\/2025\/01\/Screenshot_324.jpg\",\"datePublished\":\"2025-01-09T19:59:22+00:00\",\"dateModified\":\"2025-09-17T18:29:39+00:00\",\"description\":\"Contacto Coaching Ejecutivo \u00bfBuscas coaching ejecutivo? Contacta a LGATCAP Promoci\u00f3n para impulsar tu carrera. Asesoramiento personalizado...\",\"breadcrumb\":{\"@id\":\"https:\/\/liderazgoamable.com\/?page_id=187#breadcrumb\"},\"inLanguage\":\"es\",\"potentialAction\":[{\"@type\":\"ReadAction\",\"target\":[\"https:\/\/liderazgoamable.com\/?page_id=187\"]}]},{\"@type\":\"ImageObject\",\"inLanguage\":\"es\",\"@id\":\"https:\/\/liderazgoamable.com\/?page_id=187#primaryimage\",\"url\":\"https:\/\/liderazgoamable.com\/wp-content\/uploads\/2025\/01\/Screenshot_324.jpg\",\"contentUrl\":\"https:\/\/liderazgoamable.com\/wp-content\/uploads\/2025\/01\/Screenshot_324.jpg\",\"width\":256,\"height\":246,\"caption\":\"Contacto Coaching Ejecutivo\"},{\"@type\":\"BreadcrumbList\",\"@id\":\"https:\/\/liderazgoamable.com\/?page_id=187#breadcrumb\",\"itemListElement\":[{\"@type\":\"ListItem\",\"position\":1,\"name\":\"Home\",\"item\":\"https:\/\/liderazgoamable.com\/\"},{\"@type\":\"ListItem\",\"position\":2,\"name\":\"Contacto\"}]},{\"@type\":\"WebSite\",\"@id\":\"https:\/\/liderazgoamable.com\/#website\",\"url\":\"https:\/\/liderazgoamable.com\/\",\"name\":\"Coaching Ejecutivo: Impulsa tu carrera al \u00e9xito.\",\"description\":\"\u00bfQuieres alcanzar tus metas profesionales? Nuestro coaching ejecutivo te brinda las herramientas y el apoyo que necesitas para potenciar tu liderazgo y alcanzar el \u00e9xito. \",\"potentialAction\":[{\"@type\":\"SearchAction\",\"target\":{\"@type\":\"EntryPoint\",\"urlTemplate\":\"https:\/\/liderazgoamable.com\/?s={search_term_string}\"},\"query-input\":{\"@type\":\"PropertyValueSpecification\",\"valueRequired\":true,\"valueName\":\"search_term_string\"}}],\"inLanguage\":\"es\"}]}<\/script>\n<!-- \/ Yoast SEO plugin. -->","yoast_head_json":{"title":"Contacto Coaching Ejecutivo | LGATCAP Promoci\u00f3n","description":"Contacto Coaching Ejecutivo \u00bfBuscas coaching ejecutivo? Contacta a LGATCAP Promoci\u00f3n para impulsar tu carrera. Asesoramiento personalizado...","robots":{"index":"index","follow":"follow","max-snippet":"max-snippet:-1","max-image-preview":"max-image-preview:large","max-video-preview":"max-video-preview:-1"},"canonical":"https:\/\/liderazgoamable.com\/?page_id=187","og_locale":"es_ES","og_type":"article","og_title":"Contacto Coaching Ejecutivo | LGATCAP Promoci\u00f3n","og_description":"Contacto Coaching Ejecutivo \u00bfBuscas coaching ejecutivo? Contacta a LGATCAP Promoci\u00f3n para impulsar tu carrera. Asesoramiento personalizado...","og_url":"https:\/\/liderazgoamable.com\/?page_id=187","og_site_name":"Coaching Ejecutivo: Impulsa tu carrera al \u00e9xito.","article_modified_time":"2025-09-17T18:29:39+00:00","og_image":[{"width":256,"height":246,"url":"https:\/\/liderazgoamable.com\/wp-content\/uploads\/2025\/01\/Screenshot_324.jpg","type":"image\/jpeg"}],"twitter_card":"summary_large_image","twitter_misc":{"Tiempo de lectura":"2 minutos"},"schema":{"@context":"https:\/\/schema.org","@graph":[{"@type":"WebPage","@id":"https:\/\/liderazgoamable.com\/?page_id=187","url":"https:\/\/liderazgoamable.com\/?page_id=187","name":"Contacto Coaching Ejecutivo | LGATCAP Promoci\u00f3n","isPartOf":{"@id":"https:\/\/liderazgoamable.com\/#website"},"primaryImageOfPage":{"@id":"https:\/\/liderazgoamable.com\/?page_id=187#primaryimage"},"image":{"@id":"https:\/\/liderazgoamable.com\/?page_id=187#primaryimage"},"thumbnailUrl":"https:\/\/liderazgoamable.com\/wp-content\/uploads\/2025\/01\/Screenshot_324.jpg","datePublished":"2025-01-09T19:59:22+00:00","dateModified":"2025-09-17T18:29:39+00:00","description":"Contacto Coaching Ejecutivo \u00bfBuscas coaching ejecutivo? Contacta a LGATCAP Promoci\u00f3n para impulsar tu carrera. Asesoramiento personalizado...","breadcrumb":{"@id":"https:\/\/liderazgoamable.com\/?page_id=187#breadcrumb"},"inLanguage":"es","potentialAction":[{"@type":"ReadAction","target":["https:\/\/liderazgoamable.com\/?page_id=187"]}]},{"@type":"ImageObject","inLanguage":"es","@id":"https:\/\/liderazgoamable.com\/?page_id=187#primaryimage","url":"https:\/\/liderazgoamable.com\/wp-content\/uploads\/2025\/01\/Screenshot_324.jpg","contentUrl":"https:\/\/liderazgoamable.com\/wp-content\/uploads\/2025\/01\/Screenshot_324.jpg","width":256,"height":246,"caption":"Contacto Coaching Ejecutivo"},{"@type":"BreadcrumbList","@id":"https:\/\/liderazgoamable.com\/?page_id=187#breadcrumb","itemListElement":[{"@type":"ListItem","position":1,"name":"Home","item":"https:\/\/liderazgoamable.com\/"},{"@type":"ListItem","position":2,"name":"Contacto"}]},{"@type":"WebSite","@id":"https:\/\/liderazgoamable.com\/#website","url":"https:\/\/liderazgoamable.com\/","name":"Coaching Ejecutivo: Impulsa tu carrera al \u00e9xito.","description":"\u00bfQuieres alcanzar tus metas profesionales? Nuestro coaching ejecutivo te brinda las herramientas y el apoyo que necesitas para potenciar tu liderazgo y alcanzar el \u00e9xito. ","potentialAction":[{"@type":"SearchAction","target":{"@type":"EntryPoint","urlTemplate":"https:\/\/liderazgoamable.com\/?s={search_term_string}"},"query-input":{"@type":"PropertyValueSpecification","valueRequired":true,"valueName":"search_term_string"}}],"inLanguage":"es"}]}},"_links":{"self":[{"href":"https:\/\/liderazgoamable.com\/index.php?rest_route=\/wp\/v2\/pages\/187","targetHints":{"allow":["GET"]}}],"collection":[{"href":"https:\/\/liderazgoamable.com\/index.php?rest_route=\/wp\/v2\/pages"}],"about":[{"href":"https:\/\/liderazgoamable.com\/index.php?rest_route=\/wp\/v2\/types\/page"}],"author":[{"embeddable":true,"href":"https:\/\/liderazgoamable.com\/index.php?rest_route=\/wp\/v2\/users\/3"}],"replies":[{"embeddable":true,"href":"https:\/\/liderazgoamable.com\/index.php?rest_route=%2Fwp%2Fv2%2Fcomments&post=187"}],"version-history":[{"count":35,"href":"https:\/\/liderazgoamable.com\/index.php?rest_route=\/wp\/v2\/pages\/187\/revisions"}],"predecessor-version":[{"id":594,"href":"https:\/\/liderazgoamable.com\/index.php?rest_route=\/wp\/v2\/pages\/187\/revisions\/594"}],"wp:featuredmedia":[{"embeddable":true,"href":"https:\/\/liderazgoamable.com\/index.php?rest_route=\/wp\/v2\/media\/426"}],"wp:attachment":[{"href":"https:\/\/liderazgoamable.com\/index.php?rest_route=%2Fwp%2Fv2%2Fmedia&parent=187"}],"curies":[{"name":"wp","href":"https:\/\/api.w.org\/{rel}","templated":true}]}}